{"id":2324,"date":"2026-04-12T11:09:38","date_gmt":"2026-04-12T10:09:38","guid":{"rendered":"https:\/\/aabv86.dk\/?page_id=2324"},"modified":"2026-04-13T10:05:51","modified_gmt":"2026-04-13T09:05:51","slug":"udflugter","status":"publish","type":"page","link":"https:\/\/aabv86.dk\/index.php\/udflugter\/","title":{"rendered":"Udflugter"},"content":{"rendered":"\n<div class=\"wp-block-group is-layout-grid wp-container-core-group-is-layout-478b6e6b wp-block-group-is-layout-grid\">\n<p class=\"has-accent-4-background-color has-background has-medium-font-size\" style=\"border-width:2px\"><a href=\"#2023UdflugtFur\" data-type=\"internal\" data-id=\"#2011UdflugtTilJesperhus\">Udflugt til Fur 2023 <\/a><\/p>\n\n\n\n<p class=\"has-accent-4-background-color has-background has-medium-font-size\" style=\"border-width:2px\"><a href=\"#2022UdflugtBlokhus\" data-type=\"internal\" data-id=\"#2011UdflugtTilJesperhus\">Udflugt til Blokhus 2022 <\/a><\/p>\n\n\n\n<p class=\"has-accent-4-background-color has-background has-medium-font-size\" style=\"border-width:2px\"><a href=\"#2021UdflugtVejle\" data-type=\"internal\" data-id=\"#2011UdflugtTilJesperhus\">Udflugt til Vejle 2021 <\/a><\/p>\n\n\n\n<p class=\"has-accent-4-background-color has-background has-medium-font-size\" style=\"border-width:2px\"><a href=\"#2019UdflugtKolding\" data-type=\"internal\" data-id=\"#2011UdflugtTilJesperhus\">Udflugt til Kolding 2019 <\/a><\/p>\n\n\n\n<p class=\"has-accent-4-background-color has-background has-medium-font-size\" style=\"border-width:2px\"><a href=\"#2018UdflugtSams\u00f8\" data-type=\"internal\" data-id=\"#2011UdflugtTilJesperhus\">Udflugt til Sams\u00f8 2018 <\/a><\/p>\n\n\n\n<p class=\"has-accent-4-background-color has-background has-medium-font-size\" style=\"border-width:2px\"><a href=\"#2016UdflugtM\u00f8nsted\" data-type=\"internal\" data-id=\"#2011UdflugtTilJesperhus\">Udflugt til M\u00f8nsted 2016 <\/a><\/p>\n\n\n\n<p class=\"has-accent-4-background-color has-background has-medium-font-size\" style=\"border-width:2px\"><a href=\"#2015UdflugtHorsens\" data-type=\"internal\" data-id=\"#2015UdflugtHorsens\">Udflugt til Horsens 2015 <\/a><\/p>\n\n\n\n<p class=\"has-accent-4-background-color has-background has-medium-font-size\" style=\"border-width:2px\"><a href=\"#2014UdflugtHimmelbjerget\" data-type=\"internal\" data-id=\"#2011UdflugtTilJesperhus\">Udflugt til Himmel<\/a><a href=\"#2014UdflugtHimmelbjerget\" data-type=\"internal\" data-id=\"#2011UdflugtTilJesperhus\">bjerget 2014 <\/a><\/p>\n\n\n\n<p class=\"has-accent-4-background-color has-background has-medium-font-size\" style=\"border-width:2px\"><a href=\"#2013UdflugtTilKattegatcentret\" data-type=\"internal\" data-id=\"#2011UdflugtTilJesperhus\">Udflugt til Kattegat Centeret 2013 <\/a><\/p>\n\n\n\n<p class=\"has-accent-4-background-color has-background has-medium-font-size\" style=\"border-width:2px\"><a href=\"#2012UdflugtTilSams\u00f8\" data-type=\"internal\" data-id=\"#2011UdflugtTilJesperhus\">Udflugt til Sams\u00f8 201<\/a>2<\/p>\n\n\n\n<p class=\"has-accent-4-background-color has-background has-medium-font-size\" style=\"border-width:2px\"><a href=\"#2011UdflugtTilJesperhus\" data-type=\"internal\" data-id=\"#2011UdflugtTilJesperhus\">Udflugt til Jesperhus 2011<\/a><\/p>\n\n\n\n<p class=\"has-accent-4-background-color has-background has-medium-font-size\" style=\"border-width:2px\"><a href=\"#2010UdflugtTilS\u00f8by\" data-type=\"internal\" data-id=\"#2010UdflugtTilS\u00f8by\">Udflugt til S\u00f8by 2010<\/a><\/p>\n\n\n\n<p class=\"has-accent-4-background-color has-background has-medium-font-size\" style=\"border-width:2px\"><a href=\"#2009UdflugtTilBramsletBakker\" data-type=\"internal\" data-id=\"#2009UdflugtTilBramsletBakker\">Udflugt til Bramslev Bakker 2009<\/a><\/p>\n\n\n\n<p class=\"has-accent-4-background-color has-background has-medium-font-size\" style=\"border-width:2px\"><a href=\"#2008UdflugtTilTun\u00f8\" data-type=\"internal\" data-id=\"#2008UdflugtTilTun\u00f8\">Udflugt Til Tun\u00f8 2008<\/a><\/p>\n<\/div>\n\n\n\n<div data-wp-interactive=\"core\/file\" id=\"2023UdflugtFur\" class=\"wp-block-file\"><object data-wp-bind--hidden=\"!state.hasPdfPreview\" hidden class=\"wp-block-file__embed\" data=\"https:\/\/aabv86.dk\/wp-content\/uploads\/2026\/04\/2023UdflugtFur.pdf\" type=\"application\/pdf\" style=\"width:100%;height:600px\" aria-label=\"Embed 2023UdflugtFur.\"><\/object><a id=\"wp-block-file--media-bb0dd0e5-5b1f-4e79-81da-061db87b10c3\" href=\"https:\/\/aabv86.dk\/wp-content\/uploads\/2026\/04\/2023UdflugtFur.pdf\">2023UdflugtFur<\/a><a href=\"https:\/\/aabv86.dk\/wp-content\/uploads\/2026\/04\/2023UdflugtFur.pdf\" class=\"wp-block-file__button wp-element-button\" download aria-describedby=\"wp-block-file--media-bb0dd0e5-5b1f-4e79-81da-061db87b10c3\">Download<\/a><\/div>\n\n\n\n<div data-wp-interactive=\"core\/file\" id=\"2022UdflugtBlokhus\" class=\"wp-block-file\"><object data-wp-bind--hidden=\"!state.hasPdfPreview\" hidden class=\"wp-block-file__embed\" data=\"https:\/\/aabv86.dk\/wp-content\/uploads\/2026\/04\/2022UdflugtBlokhus.pdf\" type=\"application\/pdf\" style=\"width:100%;height:600px\" aria-label=\"Embed 2022UdflugtBlokhus.\"><\/object><a id=\"wp-block-file--media-8160a065-d46a-41f3-b80f-1553cf058726\" href=\"https:\/\/aabv86.dk\/wp-content\/uploads\/2026\/04\/2022UdflugtBlokhus.pdf\">2022UdflugtBlokhus<\/a><a href=\"https:\/\/aabv86.dk\/wp-content\/uploads\/2026\/04\/2022UdflugtBlokhus.pdf\" class=\"wp-block-file__button wp-element-button\" download aria-describedby=\"wp-block-file--media-8160a065-d46a-41f3-b80f-1553cf058726\">Download<\/a><\/div>\n\n\n\n<div data-wp-interactive=\"core\/file\" id=\"2021UdflugtVejle\" class=\"wp-block-file\"><object data-wp-bind--hidden=\"!state.hasPdfPreview\" hidden class=\"wp-block-file__embed\" data=\"https:\/\/aabv86.dk\/wp-content\/uploads\/2026\/04\/2021UdflugtVejle.pdf\" type=\"application\/pdf\" style=\"width:100%;height:600px\" aria-label=\"Embed 2021UdflugtVejle.\"><\/object><a id=\"wp-block-file--media-782edfd7-69d6-409d-bc01-cb7cd9344026\" href=\"https:\/\/aabv86.dk\/wp-content\/uploads\/2026\/04\/2021UdflugtVejle.pdf\">2021UdflugtVejle<\/a><a href=\"https:\/\/aabv86.dk\/wp-content\/uploads\/2026\/04\/2021UdflugtVejle.pdf\" class=\"wp-block-file__button wp-element-button\" download aria-describedby=\"wp-block-file--media-782edfd7-69d6-409d-bc01-cb7cd9344026\">Download<\/a><\/div>\n\n\n\n<div data-wp-interactive=\"core\/file\" id=\"2019UdflugtKolding\" class=\"wp-block-file\"><object data-wp-bind--hidden=\"!state.hasPdfPreview\" hidden class=\"wp-block-file__embed\" data=\"https:\/\/aabv86.dk\/wp-content\/uploads\/2026\/04\/2019UdflugtKolding.pdf\" type=\"application\/pdf\" style=\"width:100%;height:600px\" aria-label=\"Embed 2019UdflugtKolding.\"><\/object><a id=\"wp-block-file--media-b74c920a-f105-4d17-9445-ce0c317098c5\" href=\"https:\/\/aabv86.dk\/wp-content\/uploads\/2026\/04\/2019UdflugtKolding.pdf\">2019UdflugtKolding<\/a><a href=\"https:\/\/aabv86.dk\/wp-content\/uploads\/2026\/04\/2019UdflugtKolding.pdf\" class=\"wp-block-file__button wp-element-button\" download aria-describedby=\"wp-block-file--media-b74c920a-f105-4d17-9445-ce0c317098c5\">Download<\/a><\/div>\n\n\n\n<div data-wp-interactive=\"core\/file\" id=\"2018UdflugtSams\u00f8\" class=\"wp-block-file\"><object data-wp-bind--hidden=\"!state.hasPdfPreview\" hidden class=\"wp-block-file__embed\" data=\"https:\/\/aabv86.dk\/wp-content\/uploads\/2026\/04\/2018UdflugtSamsoe.pdf\" type=\"application\/pdf\" style=\"width:100%;height:600px\" aria-label=\"Embed 2018UdflugtSams\u00f8.\"><\/object><a id=\"wp-block-file--media-1a0dbda5-863d-4072-b069-cbc4dbdb9d76\" href=\"https:\/\/aabv86.dk\/wp-content\/uploads\/2026\/04\/2018UdflugtSamsoe.pdf\">2018UdflugtSams\u00f8<\/a><a href=\"https:\/\/aabv86.dk\/wp-content\/uploads\/2026\/04\/2018UdflugtSamsoe.pdf\" class=\"wp-block-file__button wp-element-button\" download aria-describedby=\"wp-block-file--media-1a0dbda5-863d-4072-b069-cbc4dbdb9d76\">Download<\/a><\/div>\n\n\n\n<div data-wp-interactive=\"core\/file\" id=\"2016UdflugtM\u00f8nsted\" class=\"wp-block-file\"><object data-wp-bind--hidden=\"!state.hasPdfPreview\" hidden class=\"wp-block-file__embed\" data=\"https:\/\/aabv86.dk\/wp-content\/uploads\/2026\/04\/2016UdflugtMoensted.pdf\" type=\"application\/pdf\" style=\"width:100%;height:600px\" aria-label=\"Embed 2016UdflugtM\u00f8nsted.\"><\/object><a id=\"wp-block-file--media-b09c7f6d-76ae-43cf-9b12-d04b4963378a\" href=\"https:\/\/aabv86.dk\/wp-content\/uploads\/2026\/04\/2016UdflugtMoensted.pdf\">2016UdflugtM\u00f8nsted<\/a><a href=\"https:\/\/aabv86.dk\/wp-content\/uploads\/2026\/04\/2016UdflugtMoensted.pdf\" class=\"wp-block-file__button wp-element-button\" download aria-describedby=\"wp-block-file--media-b09c7f6d-76ae-43cf-9b12-d04b4963378a\">Download<\/a><\/div>\n\n\n\n<div data-wp-interactive=\"core\/file\" id=\"2015UdflugtHorsens\" class=\"wp-block-file\"><object data-wp-bind--hidden=\"!state.hasPdfPreview\" hidden class=\"wp-block-file__embed\" data=\"https:\/\/aabv86.dk\/wp-content\/uploads\/2026\/04\/2015UdflugtHorsens.pdf\" type=\"application\/pdf\" style=\"width:100%;height:600px\" aria-label=\"Embed 2015UdflugtHorsens.\"><\/object><a id=\"wp-block-file--media-6901a108-2781-44c4-b067-9b53e99e362f\" href=\"https:\/\/aabv86.dk\/wp-content\/uploads\/2026\/04\/2015UdflugtHorsens.pdf\">2015UdflugtHorsens<\/a><a href=\"https:\/\/aabv86.dk\/wp-content\/uploads\/2026\/04\/2015UdflugtHorsens.pdf\" class=\"wp-block-file__button wp-element-button\" download aria-describedby=\"wp-block-file--media-6901a108-2781-44c4-b067-9b53e99e362f\">Download<\/a><\/div>\n\n\n\n<div data-wp-interactive=\"core\/file\" id=\"2014UdflugtHimmelbjerget\" class=\"wp-block-file\"><object data-wp-bind--hidden=\"!state.hasPdfPreview\" hidden class=\"wp-block-file__embed\" data=\"https:\/\/aabv86.dk\/wp-content\/uploads\/2026\/04\/2014UdflugtHimmelbjerget.pdf\" type=\"application\/pdf\" style=\"width:100%;height:600px\" aria-label=\"Embed 2014UdflugtHimmelbjerget.\"><\/object><a id=\"wp-block-file--media-fb9db9aa-8605-4dc3-b1af-3e1598aabbec\" href=\"https:\/\/aabv86.dk\/wp-content\/uploads\/2026\/04\/2014UdflugtHimmelbjerget.pdf\">2014UdflugtHimmelbjerget<\/a><a href=\"https:\/\/aabv86.dk\/wp-content\/uploads\/2026\/04\/2014UdflugtHimmelbjerget.pdf\" class=\"wp-block-file__button wp-element-button\" download aria-describedby=\"wp-block-file--media-fb9db9aa-8605-4dc3-b1af-3e1598aabbec\">Download<\/a><\/div>\n\n\n\n<div data-wp-interactive=\"core\/file\" id=\"2013UdflugtTilKattegatcentret\" class=\"wp-block-file\"><object data-wp-bind--hidden=\"!state.hasPdfPreview\" hidden class=\"wp-block-file__embed\" data=\"https:\/\/aabv86.dk\/wp-content\/uploads\/2026\/04\/2013UdflugtKattegatCenteret.pdf\" type=\"application\/pdf\" style=\"width:100%;height:600px\" aria-label=\"Embed 2013UdflugtKattegatCenteret.\"><\/object><a id=\"wp-block-file--media-05ead340-ab51-4533-86df-01cd3fc66c73\" href=\"https:\/\/aabv86.dk\/wp-content\/uploads\/2026\/04\/2013UdflugtKattegatCenteret.pdf\">2013UdflugtKattegatCenteret<\/a><a href=\"https:\/\/aabv86.dk\/wp-content\/uploads\/2026\/04\/2013UdflugtKattegatCenteret.pdf\" class=\"wp-block-file__button wp-element-button\" download aria-describedby=\"wp-block-file--media-05ead340-ab51-4533-86df-01cd3fc66c73\">Download<\/a><\/div>\n\n\n\n<div data-wp-interactive=\"core\/file\" id=\"2012UdflugtTilSams\u00f8\" class=\"wp-block-file\"><object data-wp-bind--hidden=\"!state.hasPdfPreview\" hidden class=\"wp-block-file__embed\" data=\"https:\/\/aabv86.dk\/wp-content\/uploads\/2026\/04\/2012UdflugtSamsoe.pdf\" type=\"application\/pdf\" style=\"width:100%;height:600px\" aria-label=\"Embed 2012UdflugtSams\u00f8.\"><\/object><a id=\"wp-block-file--media-c671c88b-db18-4087-b337-9e87a9305cd6\" href=\"https:\/\/aabv86.dk\/wp-content\/uploads\/2026\/04\/2012UdflugtSamsoe.pdf\">2012UdflugtSams\u00f8<\/a><a href=\"https:\/\/aabv86.dk\/wp-content\/uploads\/2026\/04\/2012UdflugtSamsoe.pdf\" class=\"wp-block-file__button wp-element-button\" download aria-describedby=\"wp-block-file--media-c671c88b-db18-4087-b337-9e87a9305cd6\">Download<\/a><\/div>\n\n\n\n<div data-wp-interactive=\"core\/file\" id=\"2011UdflugtTilJesperhus\" class=\"wp-block-file\"><object data-wp-bind--hidden=\"!state.hasPdfPreview\" hidden class=\"wp-block-file__embed\" data=\"https:\/\/aabv86.dk\/wp-content\/uploads\/2026\/04\/2011UdflugtJesperhus.pdf\" type=\"application\/pdf\" style=\"width:100%;height:600px\" aria-label=\"Embed 2011UdflugtJesperhus.\"><\/object><a id=\"wp-block-file--media-d3770a32-c3e0-48d0-8c78-06f37a663610\" href=\"https:\/\/aabv86.dk\/wp-content\/uploads\/2026\/04\/2011UdflugtJesperhus.pdf\">2011UdflugtJesperhus<\/a><a href=\"https:\/\/aabv86.dk\/wp-content\/uploads\/2026\/04\/2011UdflugtJesperhus.pdf\" class=\"wp-block-file__button wp-element-button\" download aria-describedby=\"wp-block-file--media-d3770a32-c3e0-48d0-8c78-06f37a663610\">Download<\/a><\/div>\n\n\n\n<div data-wp-interactive=\"core\/file\" id=\"2010UdflugtTilS\u00f8by\" class=\"wp-block-file\"><object data-wp-bind--hidden=\"!state.hasPdfPreview\" hidden class=\"wp-block-file__embed\" data=\"https:\/\/aabv86.dk\/wp-content\/uploads\/2026\/04\/2010UdflugtSoeby.pdf\" type=\"application\/pdf\" style=\"width:100%;height:600px\" aria-label=\"Embed 2010UdflugtS\u00f8by.\"><\/object><a id=\"wp-block-file--media-5494f57b-e558-45ab-807d-6665788a9dac\" href=\"https:\/\/aabv86.dk\/wp-content\/uploads\/2026\/04\/2010UdflugtSoeby.pdf\">2010UdflugtS\u00f8by<\/a><a href=\"https:\/\/aabv86.dk\/wp-content\/uploads\/2026\/04\/2010UdflugtSoeby.pdf\" class=\"wp-block-file__button wp-element-button\" download aria-describedby=\"wp-block-file--media-5494f57b-e558-45ab-807d-6665788a9dac\">Download<\/a><\/div>\n\n\n\n<div data-wp-interactive=\"core\/file\" id=\"2009UdflugtTilBramsletBakker\" class=\"wp-block-file\"><object data-wp-bind--hidden=\"!state.hasPdfPreview\" hidden class=\"wp-block-file__embed\" data=\"https:\/\/aabv86.dk\/wp-content\/uploads\/2026\/04\/2009UdflugtMariager.pdf\" type=\"application\/pdf\" style=\"width:100%;height:600px\" aria-label=\"Embed 2009UdflugtMariager.\"><\/object><a id=\"wp-block-file--media-d7874a5b-94c3-4574-9891-52291b0e2402\" href=\"https:\/\/aabv86.dk\/wp-content\/uploads\/2026\/04\/2009UdflugtMariager.pdf\">2009UdflugtMariager<\/a><a href=\"https:\/\/aabv86.dk\/wp-content\/uploads\/2026\/04\/2009UdflugtMariager.pdf\" class=\"wp-block-file__button wp-element-button\" download aria-describedby=\"wp-block-file--media-d7874a5b-94c3-4574-9891-52291b0e2402\">Download<\/a><\/div>\n\n\n\n<div data-wp-interactive=\"core\/file\" id=\"2008UdflugtTilTun\u00f8\" class=\"wp-block-file\"><object data-wp-bind--hidden=\"!state.hasPdfPreview\" hidden class=\"wp-block-file__embed\" data=\"https:\/\/aabv86.dk\/wp-content\/uploads\/2026\/04\/2008UdflugtTunoe.pdf\" type=\"application\/pdf\" style=\"width:100%;height:600px\" aria-label=\"Embed 2008UdflugtTun\u00f8.\"><\/object><a id=\"wp-block-file--media-98752236-38c6-40a6-8677-6712431a0eea\" href=\"https:\/\/aabv86.dk\/wp-content\/uploads\/2026\/04\/2008UdflugtTunoe.pdf\">2008UdflugtTun\u00f8<\/a><a href=\"https:\/\/aabv86.dk\/wp-content\/uploads\/2026\/04\/2008UdflugtTunoe.pdf\" class=\"wp-block-file__button wp-element-button\" download aria-describedby=\"wp-block-file--media-98752236-38c6-40a6-8677-6712431a0eea\">Download<\/a><\/div>\n","protected":false},"excerpt":{"rendered":"<p>Udflugt til Fur 2023 Udflugt til Blokhus 2022 Udflugt til Vejle 2021 Udflugt til Kolding 2019 Udflugt til Sams\u00f8 2018 Udflugt til M\u00f8nsted 2016 Udflugt til Horsens 2015 Udflugt til Himmelbjerget 2014 Udflugt til Kattegat Centeret 2013 Udflugt til Sams\u00f8 2012 Udflugt til Jesperhus 2011 Udflugt til S\u00f8by 2010 Udflugt til Bramslev Bakker 2009 Udflugt [&hellip;]<\/p>\n","protected":false},"author":1,"featured_media":0,"parent":0,"menu_order":0,"comment_status":"closed","ping_status":"closed","template":"","meta":{"footnotes":""},"class_list":["post-2324","page","type-page","status-publish","hentry"],"_links":{"self":[{"href":"https:\/\/aabv86.dk\/index.php\/wp-json\/wp\/v2\/pages\/2324","targetHints":{"allow":["GET"]}}],"collection":[{"href":"https:\/\/aabv86.dk\/index.php\/wp-json\/wp\/v2\/pages"}],"about":[{"href":"https:\/\/aabv86.dk\/index.php\/wp-json\/wp\/v2\/types\/page"}],"author":[{"embeddable":true,"href":"https:\/\/aabv86.dk\/index.php\/wp-json\/wp\/v2\/users\/1"}],"replies":[{"embeddable":true,"href":"https:\/\/aabv86.dk\/index.php\/wp-json\/wp\/v2\/comments?post=2324"}],"version-history":[{"count":20,"href":"https:\/\/aabv86.dk\/index.php\/wp-json\/wp\/v2\/pages\/2324\/revisions"}],"predecessor-version":[{"id":2359,"href":"https:\/\/aabv86.dk\/index.php\/wp-json\/wp\/v2\/pages\/2324\/revisions\/2359"}],"wp:attachment":[{"href":"https:\/\/aabv86.dk\/index.php\/wp-json\/wp\/v2\/media?parent=2324"}],"curies":[{"name":"wp","href":"https:\/\/api.w.org\/{rel}","templated":true}]}}